{"id":439,"date":"2018-04-13T15:43:42","date_gmt":"2018-04-13T13:43:42","guid":{"rendered":"https:\/\/www.fatra-regranulace.cz\/kontakt\/"},"modified":"2025-10-14T07:09:50","modified_gmt":"2025-10-14T05:09:50","slug":"contact","status":"publish","type":"page","link":"https:\/\/www.fatra-regranulace.cz\/en\/contact\/","title":{"rendered":"Contact"},"content":{"rendered":"<div class=\"row contentrow\">\n<div class=\"six columns\">\n<h3>CONTACT \u2013 SALES<\/h3>\n<p><strong>Luk\u00e1\u0161 Voln\u00fd<\/strong><br \/>\nMobil: +420&nbsp;725&nbsp;906&nbsp;717<br \/>\nEmail: <a href=\"mailto:lukas.volny@fatra.cz\">lukas.volny@fatra.cz<\/a><\/p>\n<\/div>\n<\/div>\n<div class=\"row contentrow\">\n<div class=\"six columns\">\n<h3>NAPAJEDLA PLANT<\/h3>\n<p><strong>Fatra, a.s.<br \/>\n<\/strong>t\u0159\u00edda Tom\u00e1\u0161e Bati 1541<br \/>\n763&nbsp;61 Napajedla<br \/>\nCzech Republic<\/p>\n<p>Tel.: +420&nbsp;577&nbsp;501&nbsp;111<br \/>\nFax: +420&nbsp;577&nbsp;503&nbsp;001<br \/>\nEmail: <a href=\"mailto:info@fatra.cz\" target=\"_blank\" rel=\"noopener noreferrer\">info@fatra.cz<\/a><\/p>\n<p>I\u010cO: 27465021<br \/>\nDI\u010c: CZ27465021<\/p>\n<\/div>\n<div class=\"six columns\"><iframe loading=\"lazy\" style=\"border: 0\" src=\"https:\/\/www.google.com\/maps\/embed?pb=!4v1529056503632!6m8!1m7!1sW90EKom8wAr4QOKbqr-z6Q!2m2!1d49.16984398570177!2d17.50700055048881!3f277.35236!4f0!5f0.7820865974627469\" width=\"300\" height=\"400\" frameborder=\"0\" allowfullscreen=\"allowfullscreen\"><\/iframe><\/div>\n<\/div>\n<div class=\"row contentrow\">\n<div class=\"six columns\">\n<h3>CHROPYN\u011a PLANT<\/h3>\n<p><strong>Fatra, a.s. \u2013 Chropyn\u011b plant<\/strong><br \/>\nKomensk\u00e9ho 75<br \/>\n768&nbsp;11 Chropyn\u011b<\/p>\n<\/div>\n<div class=\"six columns\"><iframe loading=\"lazy\" style=\"border: 0\" src=\"https:\/\/www.google.com\/maps\/embed?pb=!4v1529056586936!6m8!1m7!1ssqy-ixuV_4Ol_OwFZ1TWBA!2m2!1d49.35736340584104!2d17.37059158575446!3f352.75455!4f0!5f0.7820865974627469\" width=\"300\" height=\"400\" frameborder=\"0\" allowfullscreen=\"allowfullscreen\"><\/iframe><\/div>\n<\/div>\n<div class=\"six columns\"><\/div>\n<div class=\"row contentrow\">\n<div class=\"twelve columns\">Fatra, a.s. Napajedla, t\u0159\u00edda Tom\u00e1\u0161e Bati, CZ-763&nbsp;61, as been registered in the Companies Register at the Regional Court in Brno, Part B, Insert 4598, * part of the AGROFERT Group.<\/div>\n<\/div>\n","protected":false},"excerpt":{"rendered":"<p>CONTACT \u2013 SALES Luk\u00e1\u0161 Voln\u00fd Mobil: +420&nbsp;725&nbsp;906&nbsp;717 Email: lukas.volny@fatra.cz NAPAJEDLA PLANT Fatra, a.s. t\u0159\u00edda Tom\u00e1\u0161e Bati 1541&nbsp;763&nbsp;61 Napajedla Czech Republic Tel.: +420&nbsp;577&nbsp;501&nbsp;111 Fax: +420&nbsp;577&nbsp;503&nbsp;001 Email: info@fatra.cz I\u010cO: 27465021 DI\u010c: CZ27465021 CHROPYN\u011a PLANT Fatra, a.s. \u2013 Chropyn\u011b plant Komensk\u00e9ho 75&nbsp;768&nbsp;11 Chropyn\u011b Fatra, a.s. Napajedla, t\u0159\u00edda Tom\u00e1\u0161e Bati, CZ-763&nbsp;61, as been registered in the Companies [&hellip;]<\/p>\n","protected":false},"author":2,"featured_media":440,"parent":0,"menu_order":0,"comment_status":"closed","ping_status":"closed","template":"header_map.php","meta":{"footnotes":""},"class_list":["post-439","page","type-page","status-publish","has-post-thumbnail","hentry"],"_links":{"self":[{"href":"https:\/\/www.fatra-regranulace.cz\/en\/wp-json\/wp\/v2\/pages\/439","targetHints":{"allow":["GET"]}}],"collection":[{"href":"https:\/\/www.fatra-regranulace.cz\/en\/wp-json\/wp\/v2\/pages"}],"about":[{"href":"https:\/\/www.fatra-regranulace.cz\/en\/wp-json\/wp\/v2\/types\/page"}],"author":[{"embeddable":true,"href":"https:\/\/www.fatra-regranulace.cz\/en\/wp-json\/wp\/v2\/users\/2"}],"replies":[{"embeddable":true,"href":"https:\/\/www.fatra-regranulace.cz\/en\/wp-json\/wp\/v2\/comments?post=439"}],"version-history":[{"count":0,"href":"https:\/\/www.fatra-regranulace.cz\/en\/wp-json\/wp\/v2\/pages\/439\/revisions"}],"wp:featuredmedia":[{"embeddable":true,"href":"https:\/\/www.fatra-regranulace.cz\/en\/wp-json\/wp\/v2\/media\/440"}],"wp:attachment":[{"href":"https:\/\/www.fatra-regranulace.cz\/en\/wp-json\/wp\/v2\/media?parent=439"}],"curies":[{"name":"wp","href":"https:\/\/api.w.org\/{rel}","templated":true}]}}