{"id":1999,"date":"2022-07-14T15:10:37","date_gmt":"2022-07-14T13:10:37","guid":{"rendered":"https:\/\/www.fatra-regranulace.cz\/produkty\/regranulat-2\/"},"modified":"2025-10-14T07:10:39","modified_gmt":"2025-10-14T05:10:39","slug":"regranulat2","status":"publish","type":"product","link":"https:\/\/www.fatra-regranulace.cz\/de\/produkty\/regranulat2\/","title":{"rendered":"Regranulat"},"content":{"rendered":"\n<h4 class=\"wp-block-cgb-block-ftr-product-heading product-block-title\">Vorteile <\/h4>\n\n\n\n<ul class=\"wp-block-list\">\n<li>Stabiler Fertigungsprozess mit durchgehender Kontrolle<\/li>\n\n\n\n<li>M\u00f6glichkeit des F\u00e4rbens oder der Zugabe von Additiven direkt bei der Herstellung<\/li>\n\n\n\n<li>Produktionscharge ab 5 Tonnen<\/li>\n\n\n\n<li>Qualit\u00e4t und Reinheit der Ausgangsmaterialien<\/li>\n\n\n\n<li>Individuelle Herangehensweise an jeden Auftrag<\/li>\n<\/ul>\n\n\n\n<hr class=\"wp-block-cgb-block-ftr-product-section-line ftr-product-block-separator\" \/>\n\n\n\n<h4 class=\"wp-block-cgb-block-ftr-product-heading product-block-title\">angebotenen materialien<\/h4>\n\n\n\n<figure class=\"wp-block-table is-style-stripes\"><table><tbody><tr><td><\/td><td class=\"has-text-align-center\" data-align=\"center\">Typ der Verarbeitungsverfahrens<\/td><td class=\"has-text-align-center\" data-align=\"center\"><\/td><td class=\"has-text-align-center\" data-align=\"center\"><\/td><td><\/td><\/tr><tr><td><strong>Material<\/strong><\/td><td class=\"has-text-align-center\" data-align=\"center\"><strong><strong>f\u00fcr Extrusion<\/strong><\/strong><\/td><td class=\"has-text-align-center\" data-align=\"center\"><strong><strong>f\u00fcr Spritzgus<\/strong><\/strong><\/td><td class=\"has-text-align-center\" data-align=\"center\"><strong><strong>f\u00fcr Extrusionsblasformen<\/strong><\/strong><\/td><td><\/td><\/tr><tr><td>(LD\/HD) PE Regranulat<\/td><td class=\"has-text-align-center\" data-align=\"center\">x<\/td><td class=\"has-text-align-center\" data-align=\"center\"><\/td><td class=\"has-text-align-center\" data-align=\"center\">X<\/td><td><\/td><\/tr><tr><td>PP Regranulat<\/td><td class=\"has-text-align-center\" data-align=\"center\">x<\/td><td class=\"has-text-align-center\" data-align=\"center\">X<\/td><td class=\"has-text-align-center\" data-align=\"center\"><\/td><td><\/td><\/tr><tr><td>PP \/ PE Regranulat<\/td><td class=\"has-text-align-center\" data-align=\"center\">x<\/td><td class=\"has-text-align-center\" data-align=\"center\">X<\/td><td class=\"has-text-align-center\" data-align=\"center\"><\/td><td><\/td><\/tr><\/tbody><\/table><\/figure>\n\n\n\n<hr class=\"wp-block-cgb-block-ftr-product-section-line ftr-product-block-separator\" \/>\n\n\n\n<h4 class=\"wp-block-cgb-block-ftr-product-heading product-block-title\">Verarbeitung von Regranulaten zu Produkten<\/h4>\n\n\n\n<p>Gr\u00fcnde f\u00fcr die Verwertung von Sekund\u00e4rrohstoffen (Kunststoffabfall) gibt es im Grunde zwei::<\/p>\n\n\n\n<ul class=\"wp-block-list\">\n<li>Der erste ist der Umweltbeitrag. Das Sortieren und anschlie\u00dfende Recycling von Sekund\u00e4rrohstoffen gelten allgemein als eine der Umwelt zutr\u00e4gliche T\u00e4tigkeit und als einer der wichtigsten Wege zu einer nachhaltigen Entwicklung. Dank einer h\u00f6heren Recyclingquote sinkt die Menge des produzierten Abfalls, der ansonsten auf den Deponien landen w\u00fcrde, reduziert, und gleichzeitig wird der Verbrauch an Prim\u00e4rrohstoffen und die f\u00fcr deren Herstellung aufgewendeten Ressourcen reduziert, was zur Reduzierung des CO2-Fu\u00dfabdrucks bzw. der CO2-Emissionen beitr\u00e4gt.<\/li>\n\n\n\n<li>Der zweite Grund ist nat\u00fcrlich der \u00f6konomische Vorteil, der durch die Reduzierung des Materialaufwands und allgemein durch niedrigere Preise der Ausgangsrohstoffe \u2013 Recyclat \/ Regranulate gegeben ist. Durch die Verwendung einer gr\u00f6\u00dferen Menge von Recyclat in den Produkten als Alternative zu Prim\u00e4rrohstoffen kommt es gew\u00f6hnlich zu einer Senkung ihres resultierenden Preises, was dazu beitr\u00e4gt, dass sich die Produkte besser auf dem Markt durchsetzen k\u00f6nnen.<\/li>\n<\/ul>\n\n\n\n<figure class=\"wp-block-table is-style-stripes\"><table><tbody><tr><td><strong>Empfohlene Technologien f\u00fcr Verarbeitung des Regranulats <\/strong><\/td><td><strong><strong>Produkte aus Regranulat<\/strong><\/strong><\/td><td><strong>Produktdemonstration<\/strong><\/td><td><\/td><\/tr><tr><td>Extrusion<\/td><td>Kleine \/ gro\u00dfe Schl\u00e4uche, Rohre<br>Kabelummantelungen<br>Profile verschiedenartiger Formen<br>Extrudierte Folien und Platten<\/td><td><img loading=\"lazy\" decoding=\"async\" width=\"800\" height=\"600\" class=\"wp-image-1778\" style=\"width: 250px\" src=\"https:\/\/www.fatra-regranulace.cz\/wp-content\/uploads\/sites\/6\/2022\/06\/Fatra-PE-desky.jpg\" alt=\"\" srcset=\"https:\/\/www.fatra-regranulace.cz\/wp-content\/uploads\/sites\/6\/2022\/06\/Fatra-PE-desky.jpg 800w, https:\/\/www.fatra-regranulace.cz\/wp-content\/uploads\/sites\/6\/2022\/06\/Fatra-PE-desky-300x225.jpg 300w, https:\/\/www.fatra-regranulace.cz\/wp-content\/uploads\/sites\/6\/2022\/06\/Fatra-PE-desky-768x576.jpg 768w, https:\/\/www.fatra-regranulace.cz\/wp-content\/uploads\/sites\/6\/2022\/06\/Fatra-PE-desky-733x550.jpg 733w, https:\/\/www.fatra-regranulace.cz\/wp-content\/uploads\/sites\/6\/2022\/06\/Fatra-PE-desky-400x300.jpg 400w\" sizes=\"auto, (max-width: 800px) 100vw, 800px\" \/> <img loading=\"lazy\" decoding=\"async\" width=\"800\" height=\"600\" class=\"wp-image-1887\" style=\"width: 250px\" src=\"https:\/\/www.fatra-regranulace.cz\/wp-content\/uploads\/sites\/6\/2022\/06\/profily-hadicky.jpg\" alt=\"\" srcset=\"https:\/\/www.fatra-regranulace.cz\/wp-content\/uploads\/sites\/6\/2022\/06\/profily-hadicky.jpg 800w, https:\/\/www.fatra-regranulace.cz\/wp-content\/uploads\/sites\/6\/2022\/06\/profily-hadicky-300x225.jpg 300w, https:\/\/www.fatra-regranulace.cz\/wp-content\/uploads\/sites\/6\/2022\/06\/profily-hadicky-768x576.jpg 768w, https:\/\/www.fatra-regranulace.cz\/wp-content\/uploads\/sites\/6\/2022\/06\/profily-hadicky-733x550.jpg 733w, https:\/\/www.fatra-regranulace.cz\/wp-content\/uploads\/sites\/6\/2022\/06\/profily-hadicky-400x300.jpg 400w\" sizes=\"auto, (max-width: 800px) 100vw, 800px\" \/>  <br><img loading=\"lazy\" decoding=\"async\" width=\"801\" height=\"600\" class=\"wp-image-1908\" style=\"width: 250px\" src=\"https:\/\/www.fatra-regranulace.cz\/wp-content\/uploads\/sites\/6\/2022\/06\/izolace-kabelu-e1656570760745.jpg\" alt=\"\" srcset=\"https:\/\/www.fatra-regranulace.cz\/wp-content\/uploads\/sites\/6\/2022\/06\/izolace-kabelu-e1656570760745.jpg 801w, https:\/\/www.fatra-regranulace.cz\/wp-content\/uploads\/sites\/6\/2022\/06\/izolace-kabelu-e1656570760745-300x225.jpg 300w, https:\/\/www.fatra-regranulace.cz\/wp-content\/uploads\/sites\/6\/2022\/06\/izolace-kabelu-e1656570760745-768x575.jpg 768w, https:\/\/www.fatra-regranulace.cz\/wp-content\/uploads\/sites\/6\/2022\/06\/izolace-kabelu-e1656570760745-734x550.jpg 734w, https:\/\/www.fatra-regranulace.cz\/wp-content\/uploads\/sites\/6\/2022\/06\/izolace-kabelu-e1656570760745-401x300.jpg 401w\" sizes=\"auto, (max-width: 801px) 100vw, 801px\" \/><img loading=\"lazy\" decoding=\"async\" width=\"800\" height=\"600\" class=\"wp-image-1905\" style=\"width: 250px\" src=\"https:\/\/www.fatra-regranulace.cz\/wp-content\/uploads\/sites\/6\/2022\/06\/vytlacovani.jpg\" alt=\"\" srcset=\"https:\/\/www.fatra-regranulace.cz\/wp-content\/uploads\/sites\/6\/2022\/06\/vytlacovani.jpg 800w, https:\/\/www.fatra-regranulace.cz\/wp-content\/uploads\/sites\/6\/2022\/06\/vytlacovani-300x225.jpg 300w, https:\/\/www.fatra-regranulace.cz\/wp-content\/uploads\/sites\/6\/2022\/06\/vytlacovani-768x576.jpg 768w, https:\/\/www.fatra-regranulace.cz\/wp-content\/uploads\/sites\/6\/2022\/06\/vytlacovani-733x550.jpg 733w, https:\/\/www.fatra-regranulace.cz\/wp-content\/uploads\/sites\/6\/2022\/06\/vytlacovani-400x300.jpg 400w\" sizes=\"auto, (max-width: 800px) 100vw, 800px\" \/> <\/td><td><\/td><\/tr><tr><td>Spritzguss<\/td><td>Verschiedene Spritzgussprodukte<br>Transportkisten, Boxen<br>Bodenfliesen<br><\/td><td><img loading=\"lazy\" decoding=\"async\" width=\"800\" height=\"600\" class=\"wp-image-1979\" style=\"width: 250px\" src=\"https:\/\/www.fatra-regranulace.cz\/wp-content\/uploads\/sites\/6\/2022\/06\/Fatra-Terrasol-dlazdice-skladani-1.jpg\" alt=\"\" srcset=\"https:\/\/www.fatra-regranulace.cz\/wp-content\/uploads\/sites\/6\/2022\/06\/Fatra-Terrasol-dlazdice-skladani-1.jpg 800w, https:\/\/www.fatra-regranulace.cz\/wp-content\/uploads\/sites\/6\/2022\/06\/Fatra-Terrasol-dlazdice-skladani-1-300x225.jpg 300w, https:\/\/www.fatra-regranulace.cz\/wp-content\/uploads\/sites\/6\/2022\/06\/Fatra-Terrasol-dlazdice-skladani-1-768x576.jpg 768w, https:\/\/www.fatra-regranulace.cz\/wp-content\/uploads\/sites\/6\/2022\/06\/Fatra-Terrasol-dlazdice-skladani-1-733x550.jpg 733w, https:\/\/www.fatra-regranulace.cz\/wp-content\/uploads\/sites\/6\/2022\/06\/Fatra-Terrasol-dlazdice-skladani-1-400x300.jpg 400w\" sizes=\"auto, (max-width: 800px) 100vw, 800px\" \/><img loading=\"lazy\" decoding=\"async\" width=\"800\" height=\"600\" class=\"wp-image-1890\" style=\"width: 250px\" src=\"https:\/\/www.fatra-regranulace.cz\/wp-content\/uploads\/sites\/6\/2022\/06\/prepravky-boxy-paleta.jpeg\" alt=\"\" srcset=\"https:\/\/www.fatra-regranulace.cz\/wp-content\/uploads\/sites\/6\/2022\/06\/prepravky-boxy-paleta.jpeg 800w, https:\/\/www.fatra-regranulace.cz\/wp-content\/uploads\/sites\/6\/2022\/06\/prepravky-boxy-paleta-300x225.jpeg 300w, https:\/\/www.fatra-regranulace.cz\/wp-content\/uploads\/sites\/6\/2022\/06\/prepravky-boxy-paleta-768x576.jpeg 768w, https:\/\/www.fatra-regranulace.cz\/wp-content\/uploads\/sites\/6\/2022\/06\/prepravky-boxy-paleta-733x550.jpeg 733w, https:\/\/www.fatra-regranulace.cz\/wp-content\/uploads\/sites\/6\/2022\/06\/prepravky-boxy-paleta-400x300.jpeg 400w\" sizes=\"auto, (max-width: 800px) 100vw, 800px\" \/> <br><img loading=\"lazy\" decoding=\"async\" width=\"800\" height=\"600\" class=\"wp-image-1982\" style=\"width: 250px\" src=\"https:\/\/www.fatra-regranulace.cz\/wp-content\/uploads\/sites\/6\/2022\/06\/Fatra-vstrikovane-boxy-1.jpg\" alt=\"\" srcset=\"https:\/\/www.fatra-regranulace.cz\/wp-content\/uploads\/sites\/6\/2022\/06\/Fatra-vstrikovane-boxy-1.jpg 800w, https:\/\/www.fatra-regranulace.cz\/wp-content\/uploads\/sites\/6\/2022\/06\/Fatra-vstrikovane-boxy-1-300x225.jpg 300w, https:\/\/www.fatra-regranulace.cz\/wp-content\/uploads\/sites\/6\/2022\/06\/Fatra-vstrikovane-boxy-1-768x576.jpg 768w, https:\/\/www.fatra-regranulace.cz\/wp-content\/uploads\/sites\/6\/2022\/06\/Fatra-vstrikovane-boxy-1-733x550.jpg 733w, https:\/\/www.fatra-regranulace.cz\/wp-content\/uploads\/sites\/6\/2022\/06\/Fatra-vstrikovane-boxy-1-400x300.jpg 400w\" sizes=\"auto, (max-width: 800px) 100vw, 800px\" \/> <img loading=\"lazy\" decoding=\"async\" width=\"800\" height=\"600\" class=\"wp-image-1896\" style=\"width: 250px\" src=\"https:\/\/www.fatra-regranulace.cz\/wp-content\/uploads\/sites\/6\/2022\/06\/vstrikovani.jpg\" alt=\"\" srcset=\"https:\/\/www.fatra-regranulace.cz\/wp-content\/uploads\/sites\/6\/2022\/06\/vstrikovani.jpg 800w, https:\/\/www.fatra-regranulace.cz\/wp-content\/uploads\/sites\/6\/2022\/06\/vstrikovani-300x225.jpg 300w, https:\/\/www.fatra-regranulace.cz\/wp-content\/uploads\/sites\/6\/2022\/06\/vstrikovani-768x576.jpg 768w, https:\/\/www.fatra-regranulace.cz\/wp-content\/uploads\/sites\/6\/2022\/06\/vstrikovani-733x550.jpg 733w, https:\/\/www.fatra-regranulace.cz\/wp-content\/uploads\/sites\/6\/2022\/06\/vstrikovani-400x300.jpg 400w\" sizes=\"auto, (max-width: 800px) 100vw, 800px\" \/><\/td><td><\/td><\/tr><tr><td>Extrusionsblasformen<\/td><td>Geblasene Folien<br>M\u00fchls\u00e4cke <\/td><td><img loading=\"lazy\" decoding=\"async\" width=\"800\" height=\"600\" class=\"wp-image-1884\" style=\"width: 250px\" src=\"https:\/\/www.fatra-regranulace.cz\/wp-content\/uploads\/sites\/6\/2022\/06\/odpadkove-pytle.jpeg\" alt=\"\" srcset=\"https:\/\/www.fatra-regranulace.cz\/wp-content\/uploads\/sites\/6\/2022\/06\/odpadkove-pytle.jpeg 800w, https:\/\/www.fatra-regranulace.cz\/wp-content\/uploads\/sites\/6\/2022\/06\/odpadkove-pytle-300x225.jpeg 300w, https:\/\/www.fatra-regranulace.cz\/wp-content\/uploads\/sites\/6\/2022\/06\/odpadkove-pytle-768x576.jpeg 768w, https:\/\/www.fatra-regranulace.cz\/wp-content\/uploads\/sites\/6\/2022\/06\/odpadkove-pytle-733x550.jpeg 733w, https:\/\/www.fatra-regranulace.cz\/wp-content\/uploads\/sites\/6\/2022\/06\/odpadkove-pytle-400x300.jpeg 400w\" sizes=\"auto, (max-width: 800px) 100vw, 800px\" \/><img loading=\"lazy\" decoding=\"async\" width=\"800\" height=\"600\" class=\"wp-image-1899\" style=\"width: 250px\" src=\"https:\/\/www.fatra-regranulace.cz\/wp-content\/uploads\/sites\/6\/2022\/06\/vyfukovani.jpeg\" alt=\"\" srcset=\"https:\/\/www.fatra-regranulace.cz\/wp-content\/uploads\/sites\/6\/2022\/06\/vyfukovani.jpeg 800w, https:\/\/www.fatra-regranulace.cz\/wp-content\/uploads\/sites\/6\/2022\/06\/vyfukovani-300x225.jpeg 300w, https:\/\/www.fatra-regranulace.cz\/wp-content\/uploads\/sites\/6\/2022\/06\/vyfukovani-768x576.jpeg 768w, https:\/\/www.fatra-regranulace.cz\/wp-content\/uploads\/sites\/6\/2022\/06\/vyfukovani-733x550.jpeg 733w, https:\/\/www.fatra-regranulace.cz\/wp-content\/uploads\/sites\/6\/2022\/06\/vyfukovani-400x300.jpeg 400w\" sizes=\"auto, (max-width: 800px) 100vw, 800px\" \/><\/td><td><\/td><\/tr><\/tbody><\/table><\/figure>\n\n\n\n<hr class=\"wp-block-cgb-block-ftr-product-section-line ftr-product-block-separator\" \/>\n\n\n\n<h4 class=\"wp-block-cgb-block-ftr-product-heading product-block-title\">Verpackung &#8211; nach Kundenwunsch<\/h4>\n\n\n\n<figure class=\"wp-block-gallery has-nested-images columns-default is-cropped wp-block-gallery-2 is-layout-flex wp-block-gallery-is-layout-flex\">\n<figure class=\"wp-block-image size-full\"><a href=\"https:\/\/www.fatra-regranulace.cz\/wp-content\/uploads\/sites\/6\/2022\/06\/Fatra-regranulat-baleni-okatbin.jpg\" target=\"_blank\" rel=\"noopener\"><img loading=\"lazy\" decoding=\"async\" width=\"532\" height=\"800\" data-id=\"1803\" src=\"https:\/\/www.fatra-regranulace.cz\/wp-content\/uploads\/sites\/6\/2022\/06\/Fatra-regranulat-baleni-okatbin.jpg\" alt=\"\" class=\"wp-image-1803\" srcset=\"https:\/\/www.fatra-regranulace.cz\/wp-content\/uploads\/sites\/6\/2022\/06\/Fatra-regranulat-baleni-okatbin.jpg 532w, https:\/\/www.fatra-regranulace.cz\/wp-content\/uploads\/sites\/6\/2022\/06\/Fatra-regranulat-baleni-okatbin-200x300.jpg 200w, https:\/\/www.fatra-regranulace.cz\/wp-content\/uploads\/sites\/6\/2022\/06\/Fatra-regranulat-baleni-okatbin-366x550.jpg 366w, https:\/\/www.fatra-regranulace.cz\/wp-content\/uploads\/sites\/6\/2022\/06\/Fatra-regranulat-baleni-okatbin-399x600.jpg 399w\" sizes=\"auto, (max-width: 532px) 100vw, 532px\" \/><\/a><figcaption class=\"wp-element-caption\">Fatra Regranulat Verpackungsart &#8211; Oktabin Verpackung<\/figcaption><\/figure>\n\n\n\n<figure class=\"wp-block-image size-full\"><a href=\"https:\/\/www.fatra-regranulace.cz\/wp-content\/uploads\/sites\/6\/2022\/06\/Fatra-regranulat-baleni-750-kg-bigbag.jpg\" target=\"_blank\" rel=\"noopener\"><img loading=\"lazy\" decoding=\"async\" width=\"532\" height=\"800\" data-id=\"1798\" src=\"https:\/\/www.fatra-regranulace.cz\/wp-content\/uploads\/sites\/6\/2022\/06\/Fatra-regranulat-baleni-750-kg-bigbag.jpg\" alt=\"\" class=\"wp-image-1798\" srcset=\"https:\/\/www.fatra-regranulace.cz\/wp-content\/uploads\/sites\/6\/2022\/06\/Fatra-regranulat-baleni-750-kg-bigbag.jpg 532w, https:\/\/www.fatra-regranulace.cz\/wp-content\/uploads\/sites\/6\/2022\/06\/Fatra-regranulat-baleni-750-kg-bigbag-200x300.jpg 200w, https:\/\/www.fatra-regranulace.cz\/wp-content\/uploads\/sites\/6\/2022\/06\/Fatra-regranulat-baleni-750-kg-bigbag-366x550.jpg 366w, https:\/\/www.fatra-regranulace.cz\/wp-content\/uploads\/sites\/6\/2022\/06\/Fatra-regranulat-baleni-750-kg-bigbag-399x600.jpg 399w\" sizes=\"auto, (max-width: 532px) 100vw, 532px\" \/><\/a><figcaption class=\"wp-element-caption\">Fatra Regranulat Verpackungsart &#8211; 750&nbsp;kg Bigbag <\/figcaption><\/figure>\n\n\n\n<figure class=\"wp-block-image size-full\"><a href=\"https:\/\/www.fatra-regranulace.cz\/wp-content\/uploads\/sites\/6\/2022\/06\/Fatra-regranulat-baleni-1000-kg-bigbag.jpg\" target=\"_blank\" rel=\"noopener\"><img loading=\"lazy\" decoding=\"async\" width=\"532\" height=\"800\" data-id=\"1804\" src=\"https:\/\/www.fatra-regranulace.cz\/wp-content\/uploads\/sites\/6\/2022\/06\/Fatra-regranulat-baleni-1000-kg-bigbag.jpg\" alt=\"\" class=\"wp-image-1804\" srcset=\"https:\/\/www.fatra-regranulace.cz\/wp-content\/uploads\/sites\/6\/2022\/06\/Fatra-regranulat-baleni-1000-kg-bigbag.jpg 532w, https:\/\/www.fatra-regranulace.cz\/wp-content\/uploads\/sites\/6\/2022\/06\/Fatra-regranulat-baleni-1000-kg-bigbag-200x300.jpg 200w, https:\/\/www.fatra-regranulace.cz\/wp-content\/uploads\/sites\/6\/2022\/06\/Fatra-regranulat-baleni-1000-kg-bigbag-366x550.jpg 366w, https:\/\/www.fatra-regranulace.cz\/wp-content\/uploads\/sites\/6\/2022\/06\/Fatra-regranulat-baleni-1000-kg-bigbag-399x600.jpg 399w\" sizes=\"auto, (max-width: 532px) 100vw, 532px\" \/><\/a><figcaption class=\"wp-element-caption\">Fatra Regranulat Verpackungsart &#8211; 1000&nbsp;kg Bigbag<\/figcaption><\/figure>\n<\/figure>\n\n\n\n<hr class=\"wp-block-cgb-block-ftr-product-section-line ftr-product-block-separator\" \/>\n\n\n<div class=\"row contentrow downloads_bar\"><h3 class=\"four columns hcolor\">Zum Herunterladen<\/h3><div class=\"four columns\"><img decoding=\"async\" src=\"https:\/\/www.fatra-regranulace.cz\/wp-content\/themes\/fatra\/assets\/katalog.png\" alt=\"katalog\" class=\"katalog_img\"><ul class=\"selectlike\"><li rel=\"#\"><span class=\"select_title\">2025 Prospekt Regranulierung 2025<\/span><ul class=\"options\"><li rel=\"https:\/\/www.fatra-regranulace.cz\/wp-content\/uploads\/sites\/6\/2025\/10\/2025-Prospekt-Regranulierung-2025.pdf\" class=\"download_src src\">2025 Prospekt Regranulierung 2025<\/li><\/ul><\/li><\/div><div class=\"four columns\"><a href=\"https:\/\/www.fatra-regranulace.cz\/wp-content\/uploads\/sites\/6\/2025\/10\/2025-Prospekt-Regranulierung-2025.pdf\" class=\"button button-primary bgcolor download_button src_button u-pull-right\">Download<\/a><\/div><\/div>\n\n\n\n<h4 class=\"wp-block-cgb-block-ftr-product-heading product-block-title\">Verkaufskontakt<\/h4>\n\n\n\n<div class=\"wp-block-columns is-layout-flex wp-container-core-columns-is-layout-1 wp-block-columns-is-layout-flex\">\n<div class=\"wp-block-column is-layout-flow wp-block-column-is-layout-flow\">\n<p>Interessieren Sie sich f\u00fcr das o.a. Produkt, k\u00f6nnen Sie direkt die Handelsabteilung der Firma Fatra, a.s. kontaktieren<\/p>\n<\/div>\n\n\n\n<div class=\"wp-block-column is-layout-flow wp-block-column-is-layout-flow\">\n<p><strong>Luk\u00e1\u0161 Voln\u00fd<\/strong><br>Mobil: +420&nbsp;725&nbsp;906&nbsp;717<br>Email: <a href=\"mailto:lukas.volny@fatra.cz\"><u>lukas.volny@fatra.cz<\/u><\/a><\/p>\n<\/div>\n<\/div>\n","protected":false},"excerpt":{"rendered":"<div class=\"six columns\">\n<p>Einer der Gr\u00fcnde f\u00fcr die Nutzung sekund\u00e4rer Rohstoffe (Kunststoffabf\u00e4lle) ist der \u00f6konomische Vorteil, der durch die Reduzierung des materiellen Aufwands und die generell niedrigeren Grundstoffpreise des Rezyklats \/ Regranulats bewirkt wird.<br \/>\nDurch Verwendung einer gr\u00f6\u00dferen Rezyklatmenge in Produkten, als Alternative zu prim\u00e4ren Rohstoffen, kommt es allgemein zu einer Reduzierung des Endpreises, was zu einer besseren Durchsetzung der Produkte auf dem Markt f\u00fchrt.<\/p>\n<ul>\n<li>Auf moderne Recycling-anlage stellen wir Regranulate f\u00fcr Spritzguss, Extrusionsblasformen und Extrusion her.<\/li>\n<li>Auf Grundlage der Kundenanforderungen k\u00f6nnen Regranulate mit dem geforderten Schmelzflussindex und verschiedenen Farben, einschlie\u00dflich Regranulaten mit einem geforderten F\u00fcllstoffgehalt hergestellt werden.<\/li>\n<li>Wir produzieren aus internen und externen Abf\u00e4llen.<\/li>\n<\/ul>\n<\/div>\n<div class=\"six columns\"><img loading=\"lazy\" decoding=\"async\" class=\"alignnone wp-image-167 size-full\" src=\"https:\/\/www.fatra-regranulace.cz\/wp-content\/uploads\/sites\/6\/2022\/06\/Fatra-regranulat-ruzne-tvary-2.jpg\" alt=\"\" width=\"800\" height=\"533\" \/><\/div>\n","protected":false},"featured_media":1765,"parent":0,"menu_order":2,"template":"","product_color":[],"product_use":[],"class_list":["post-1999","product","type-product","status-publish","has-post-thumbnail","hentry"],"_links":{"self":[{"href":"https:\/\/www.fatra-regranulace.cz\/de\/wp-json\/wp\/v2\/product\/1999","targetHints":{"allow":["GET"]}}],"collection":[{"href":"https:\/\/www.fatra-regranulace.cz\/de\/wp-json\/wp\/v2\/product"}],"about":[{"href":"https:\/\/www.fatra-regranulace.cz\/de\/wp-json\/wp\/v2\/types\/product"}],"version-history":[{"count":0,"href":"https:\/\/www.fatra-regranulace.cz\/de\/wp-json\/wp\/v2\/product\/1999\/revisions"}],"wp:featuredmedia":[{"embeddable":true,"href":"https:\/\/www.fatra-regranulace.cz\/de\/wp-json\/wp\/v2\/media\/1765"}],"wp:attachment":[{"href":"https:\/\/www.fatra-regranulace.cz\/de\/wp-json\/wp\/v2\/media?parent=1999"}],"wp:term":[{"taxonomy":"product_color","embeddable":true,"href":"https:\/\/www.fatra-regranulace.cz\/de\/wp-json\/wp\/v2\/product_color?post=1999"},{"taxonomy":"product_use","embeddable":true,"href":"https:\/\/www.fatra-regranulace.cz\/de\/wp-json\/wp\/v2\/product_use?post=1999"}],"curies":[{"name":"wp","href":"https:\/\/api.w.org\/{rel}","templated":true}]}}