{"id":1993,"date":"2022-06-27T23:07:00","date_gmt":"2022-06-27T21:07:00","guid":{"rendered":"https:\/\/www.fatra-regranulace.cz\/produkty\/kvalita\/"},"modified":"2022-09-13T08:59:15","modified_gmt":"2022-09-13T06:59:15","slug":"kvalita","status":"publish","type":"product","link":"https:\/\/www.fatra-regranulace.cz\/de\/produkty\/kvalita\/","title":{"rendered":"Qualit\u00e4t"},"content":{"rendered":"\n<h4 class=\"wp-block-cgb-block-ftr-product-heading product-block-title\">LABOREINRICHTUNGEN<\/h4>\n\n\n\n<p>Unser Labor bietet:<\/p>\n\n\n\n<ul class=\"wp-block-list\"><li>Kontinuierliche Qualit\u00e4t der Eingangsstoffe<\/li><li>Kontrolle der Regranulateigenschaften beim Austritt<\/li><li>M\u00f6glichkeit von Materialzeugnissen zu einzelnen Lieferungen<\/li><\/ul>\n\n\n\n<figure class=\"wp-block-gallery has-nested-images columns-4 is-cropped wp-block-gallery-2 is-layout-flex wp-block-gallery-is-layout-flex\">\n<figure class=\"wp-block-image size-large\"><img loading=\"lazy\" decoding=\"async\" width=\"800\" height=\"533\" data-id=\"1848\" src=\"https:\/\/www.fatra-regranulace.cz\/wp-content\/uploads\/sites\/6\/2022\/06\/Laborator-analyticka-vaha.jpg\" alt=\"\" class=\"wp-image-1848\" srcset=\"https:\/\/www.fatra-regranulace.cz\/wp-content\/uploads\/sites\/6\/2022\/06\/Laborator-analyticka-vaha.jpg 800w, https:\/\/www.fatra-regranulace.cz\/wp-content\/uploads\/sites\/6\/2022\/06\/Laborator-analyticka-vaha-300x200.jpg 300w, https:\/\/www.fatra-regranulace.cz\/wp-content\/uploads\/sites\/6\/2022\/06\/Laborator-analyticka-vaha-768x512.jpg 768w, https:\/\/www.fatra-regranulace.cz\/wp-content\/uploads\/sites\/6\/2022\/06\/Laborator-analyticka-vaha-450x300.jpg 450w\" sizes=\"auto, (max-width: 800px) 100vw, 800px\" \/><figcaption>Analytische Waage<\/figcaption><\/figure>\n\n\n\n<figure class=\"wp-block-image size-large\"><img loading=\"lazy\" decoding=\"async\" width=\"800\" height=\"533\" data-id=\"1851\" src=\"https:\/\/www.fatra-regranulace.cz\/wp-content\/uploads\/sites\/6\/2022\/06\/Laborator-analyzator-tezkych-kovu.jpg\" alt=\"\" class=\"wp-image-1851\" srcset=\"https:\/\/www.fatra-regranulace.cz\/wp-content\/uploads\/sites\/6\/2022\/06\/Laborator-analyzator-tezkych-kovu.jpg 800w, https:\/\/www.fatra-regranulace.cz\/wp-content\/uploads\/sites\/6\/2022\/06\/Laborator-analyzator-tezkych-kovu-300x200.jpg 300w, https:\/\/www.fatra-regranulace.cz\/wp-content\/uploads\/sites\/6\/2022\/06\/Laborator-analyzator-tezkych-kovu-768x512.jpg 768w, https:\/\/www.fatra-regranulace.cz\/wp-content\/uploads\/sites\/6\/2022\/06\/Laborator-analyzator-tezkych-kovu-450x300.jpg 450w\" sizes=\"auto, (max-width: 800px) 100vw, 800px\" \/><figcaption>Schwermetall-Analysator<\/figcaption><\/figure>\n\n\n\n<figure class=\"wp-block-image size-large\"><img loading=\"lazy\" decoding=\"async\" width=\"800\" height=\"533\" data-id=\"1854\" src=\"https:\/\/www.fatra-regranulace.cz\/wp-content\/uploads\/sites\/6\/2022\/06\/Laborator-DSC-analyza.jpg\" alt=\"\" class=\"wp-image-1854\" srcset=\"https:\/\/www.fatra-regranulace.cz\/wp-content\/uploads\/sites\/6\/2022\/06\/Laborator-DSC-analyza.jpg 800w, https:\/\/www.fatra-regranulace.cz\/wp-content\/uploads\/sites\/6\/2022\/06\/Laborator-DSC-analyza-300x200.jpg 300w, https:\/\/www.fatra-regranulace.cz\/wp-content\/uploads\/sites\/6\/2022\/06\/Laborator-DSC-analyza-768x512.jpg 768w, https:\/\/www.fatra-regranulace.cz\/wp-content\/uploads\/sites\/6\/2022\/06\/Laborator-DSC-analyza-450x300.jpg 450w\" sizes=\"auto, (max-width: 800px) 100vw, 800px\" \/><figcaption>DSC-Analyse<\/figcaption><\/figure>\n\n\n\n<figure class=\"wp-block-image size-large\"><img loading=\"lazy\" decoding=\"async\" width=\"800\" height=\"600\" data-id=\"1857\" src=\"https:\/\/www.fatra-regranulace.cz\/wp-content\/uploads\/sites\/6\/2022\/06\/Laborator-plastometr.jpg\" alt=\"\" class=\"wp-image-1857\" srcset=\"https:\/\/www.fatra-regranulace.cz\/wp-content\/uploads\/sites\/6\/2022\/06\/Laborator-plastometr.jpg 800w, https:\/\/www.fatra-regranulace.cz\/wp-content\/uploads\/sites\/6\/2022\/06\/Laborator-plastometr-300x225.jpg 300w, https:\/\/www.fatra-regranulace.cz\/wp-content\/uploads\/sites\/6\/2022\/06\/Laborator-plastometr-768x576.jpg 768w, https:\/\/www.fatra-regranulace.cz\/wp-content\/uploads\/sites\/6\/2022\/06\/Laborator-plastometr-733x550.jpg 733w, https:\/\/www.fatra-regranulace.cz\/wp-content\/uploads\/sites\/6\/2022\/06\/Laborator-plastometr-400x300.jpg 400w\" sizes=\"auto, (max-width: 800px) 100vw, 800px\" \/><figcaption>Plastometer<\/figcaption><\/figure>\n\n\n\n<figure class=\"wp-block-image size-large\"><img loading=\"lazy\" decoding=\"async\" width=\"533\" height=\"800\" data-id=\"1860\" src=\"https:\/\/www.fatra-regranulace.cz\/wp-content\/uploads\/sites\/6\/2022\/06\/Laborator-susarny-smrsteni.jpg\" alt=\"\" class=\"wp-image-1860\" srcset=\"https:\/\/www.fatra-regranulace.cz\/wp-content\/uploads\/sites\/6\/2022\/06\/Laborator-susarny-smrsteni.jpg 533w, https:\/\/www.fatra-regranulace.cz\/wp-content\/uploads\/sites\/6\/2022\/06\/Laborator-susarny-smrsteni-200x300.jpg 200w, https:\/\/www.fatra-regranulace.cz\/wp-content\/uploads\/sites\/6\/2022\/06\/Laborator-susarny-smrsteni-366x550.jpg 366w, https:\/\/www.fatra-regranulace.cz\/wp-content\/uploads\/sites\/6\/2022\/06\/Laborator-susarny-smrsteni-400x600.jpg 400w\" sizes=\"auto, (max-width: 533px) 100vw, 533px\" \/><figcaption>Trockner &#8211; Schrumpfen<\/figcaption><\/figure>\n\n\n\n<figure class=\"wp-block-image size-large\"><img loading=\"lazy\" decoding=\"async\" width=\"800\" height=\"533\" data-id=\"1863\" src=\"https:\/\/www.fatra-regranulace.cz\/wp-content\/uploads\/sites\/6\/2022\/06\/Laborator-vaha-se-susici-pickou.jpg\" alt=\"\" class=\"wp-image-1863\" srcset=\"https:\/\/www.fatra-regranulace.cz\/wp-content\/uploads\/sites\/6\/2022\/06\/Laborator-vaha-se-susici-pickou.jpg 800w, https:\/\/www.fatra-regranulace.cz\/wp-content\/uploads\/sites\/6\/2022\/06\/Laborator-vaha-se-susici-pickou-300x200.jpg 300w, https:\/\/www.fatra-regranulace.cz\/wp-content\/uploads\/sites\/6\/2022\/06\/Laborator-vaha-se-susici-pickou-768x512.jpg 768w, https:\/\/www.fatra-regranulace.cz\/wp-content\/uploads\/sites\/6\/2022\/06\/Laborator-vaha-se-susici-pickou-450x300.jpg 450w\" sizes=\"auto, (max-width: 800px) 100vw, 800px\" \/><figcaption>Waage mi Trockungsofen<\/figcaption><\/figure>\n\n\n\n<figure class=\"wp-block-image size-large\"><img loading=\"lazy\" decoding=\"async\" width=\"800\" height=\"533\" data-id=\"1866\" src=\"https:\/\/www.fatra-regranulace.cz\/wp-content\/uploads\/sites\/6\/2022\/06\/Laborator-vahy.jpg\" alt=\"\" class=\"wp-image-1866\" srcset=\"https:\/\/www.fatra-regranulace.cz\/wp-content\/uploads\/sites\/6\/2022\/06\/Laborator-vahy.jpg 800w, https:\/\/www.fatra-regranulace.cz\/wp-content\/uploads\/sites\/6\/2022\/06\/Laborator-vahy-300x200.jpg 300w, https:\/\/www.fatra-regranulace.cz\/wp-content\/uploads\/sites\/6\/2022\/06\/Laborator-vahy-768x512.jpg 768w, https:\/\/www.fatra-regranulace.cz\/wp-content\/uploads\/sites\/6\/2022\/06\/Laborator-vahy-450x300.jpg 450w\" sizes=\"auto, (max-width: 800px) 100vw, 800px\" \/><figcaption>Waagen<\/figcaption><\/figure>\n\n\n\n<figure class=\"wp-block-image size-large\"><img loading=\"lazy\" decoding=\"async\" width=\"533\" height=\"800\" data-id=\"1869\" src=\"https:\/\/www.fatra-regranulace.cz\/wp-content\/uploads\/sites\/6\/2022\/06\/Laborator-vstrikolis.jpg\" alt=\"\" class=\"wp-image-1869\" srcset=\"https:\/\/www.fatra-regranulace.cz\/wp-content\/uploads\/sites\/6\/2022\/06\/Laborator-vstrikolis.jpg 533w, https:\/\/www.fatra-regranulace.cz\/wp-content\/uploads\/sites\/6\/2022\/06\/Laborator-vstrikolis-200x300.jpg 200w, https:\/\/www.fatra-regranulace.cz\/wp-content\/uploads\/sites\/6\/2022\/06\/Laborator-vstrikolis-366x550.jpg 366w, https:\/\/www.fatra-regranulace.cz\/wp-content\/uploads\/sites\/6\/2022\/06\/Laborator-vstrikolis-400x600.jpg 400w\" sizes=\"auto, (max-width: 533px) 100vw, 533px\" \/><figcaption>Spritzgussmaschine<\/figcaption><\/figure>\n<\/figure>\n\n\n\n<hr class=\"wp-block-cgb-block-ftr-product-section-line ftr-product-block-separator\" \/>\n\n\n\n<h4 class=\"wp-block-cgb-block-ftr-product-heading product-block-title\">pr\u00fcfungen- Parameter der Ausgangsmaterialien<\/h4>\n\n\n\n<p><strong><strong>Pr\u00fcfungen, die bei allen Regranulat-Typen durchgef\u00fchrt werden k\u00f6nnen (Austritt aus der Anlage<\/strong><\/strong>)<strong>:<\/strong><\/p>\n\n\n\n<figure class=\"wp-block-table is-style-stripes\"><table class=\"has-background\" style=\"background-color:#e9eaea\"><thead><tr><th><strong>Parameter<\/strong><\/th><th class=\"has-text-align-left\" data-align=\"left\"><strong>Getestet von<\/strong><\/th><\/tr><\/thead><tbody><tr><td>Schmelze-Volumenflie\u00dfrate<\/td><td class=\"has-text-align-left\" data-align=\"left\">\u010cSN EN ISO 1133-1 Bestimmung der Schmelze-Masseflie\u00dfrate (MFR) und der Schmelze-Volumenflie\u00dfrate (MVR) von Thermoplasten \u2013 Teil 1: Allgemeines Pr\u00fcfverfahren<\/td><\/tr><tr><td>Dichte<\/td><td class=\"has-text-align-left\" data-align=\"left\">\u010cSN EN ISO 1183-1 Kunststoffe \u2013 Verfahren zur Bestimmung der Dichte von nicht versch\u00e4umten Kunststoffen \u2013 Teil 1: Eintauchverfahren, Verfahren mit Fl\u00fcssigkeitspyknometer und Titrationsverfahren<\/td><\/tr><tr><td>Sch\u00fcttgewicht<\/td><td class=\"has-text-align-left\" data-align=\"left\">\u010cSN EN ISO 60 Kunststoffe \u2013 Bestimmung der scheinbaren Dichte von Formmassen, die durch einen genormten Trichter abflie\u00dfen k\u00f6nnen (Sch\u00fcttdichte)<\/td><\/tr><tr><td>Aschegehalt<\/td><td class=\"has-text-align-left\" data-align=\"left\">\u010cSN EN ISO 3451-1 Bestimmung der Asche \u2013 Teil 1: Allgemeine Grundlagen<\/td><\/tr><tr><td>Gehalt an fl\u00fcchtigen Substanzen<\/td><td class=\"has-text-align-left\" data-align=\"left\">\u010cSN EN ISO 787-2 Allgemeine Pr\u00fcfverfahren f\u00fcr Pigmente und F\u00fcllstoffe \u2013 Teil 2: Bestimmung der bei 105&nbsp;\u00b0C fl\u00fcchtigen Anteile<\/td><\/tr><tr><td>Gehalt an Schwermetallen<\/td><td class=\"has-text-align-left\" data-align=\"left\">Interne Methodik TE-4582-15 auf Grundlage der R\u00f6ntgenfluoreszenzspektroskopie (XRF)<br>verkn\u00fcpfte Norm IEC 62321 Produkte in der Elektrotechnik \u2013 Bestimmung von Bestandteilen der sechs Inhaltsstoffe, die einer Beschr\u00e4nkung unterworfen sind<\/td><\/tr><\/tbody><\/table><\/figure>\n\n\n\n<p><strong><strong>Pr\u00fcfungen, die bei Regranulat-Typen f\u00fcr den Spritzguss durchgef\u00fchrt werden k\u00f6nnen<\/strong>:<\/strong><\/p>\n\n\n\n<figure class=\"wp-block-table is-style-stripes\"><table class=\"has-background\" style=\"background-color:#e9eaea\"><thead><tr><th><strong>Parameter<\/strong><\/th><th><strong>Getestet von<\/strong><\/th><\/tr><\/thead><tbody><tr><td>Spritzgie\u00dfen von Probek\u00f6rpern<\/td><td>\u010cSN EN ISO 294-1 Kunststoffe \u2013 Spritzgie\u00dfen von Probek\u00f6rpern aus Thermoplasten \u2013 Teil 1: Allgemeine Grundlagen und Herstellung von Vielzweckprobek\u00f6rpern und St\u00e4ben<\/td><\/tr><tr><td>Kerbfestigkeit Charpy<\/td><td>\u010cSN EN ISO 179-1 Bestimmung der Charpy-Schlageigenschaften \u2013 Teil 1: Nicht instrumentierte Schlagz\u00e4higkeitspr\u00fcfung<\/td><\/tr><tr><td><strong>Zugeigenschaften<\/strong><\/td><td><\/td><\/tr><tr><td>Elastizit\u00e4tsmodul<\/td><td>\u010cSN EN ISO 527-1 Bestimmung der Zugeigenschaften \u2013 Teil 1: Allgemeine Grunds\u00e4tze<\/td><\/tr><tr><td>Festigkeit und relative Dehnungan der Streckgrenze<\/td><td>\u010cSN EN ISO 527-2 Bestimmung der Zugeigenschaften \u2013 Teil 2: Pr\u00fcfbedingungen f\u00fcr Form- und Extrusionsmassen<\/td><\/tr><tr><td>Bruchspannung und relative Bruchdehnung<\/td><td>\u010cSN EN ISO 13934-1 \u2013 Textilien \u2013 Zugeigenschaften von textilen Fl\u00e4chengebilden \u2013 Teil 1: Bestimmung der H\u00f6chstzugkraft und H\u00f6chstzugkraft-Dehnung mit dem Streifen-Zugversuch<\/td><\/tr><\/tbody><\/table><\/figure>\n","protected":false},"excerpt":{"rendered":"<div class=\"six columns\">\n<p>\u2022\tFatra, a.s. verf\u00fcgt \u00fcber ein hervorragend ausgestattetes Labor, dank dessen wir die Parameter der Ausgangsrohstoffe pr\u00fcfen und die Qualit\u00e4t der Endprodukte sichern \/ pr\u00fcfen k\u00f6nnen.<\/p>\n<p>Bei den Ausgangsrohstoffen testen wir am Eintritt in die Recyclinganlage:<\/p>\n<li>Feuchtigkeit\n<li>Gehalt an fl\u00fcchtigen Substanzen\n<li>Schmelze-Volumenflie\u00dfrate\n<li>XRS-Analyse\n<li>Aschegehalt\n<li>Identifizierung des Polymers mit Hilfe der DSC-Analyse\n<li>Dichte\n<li>Sch\u00fcttgewicht\n<\/ul>\n<\/div>\n<div class=\"six columns\"><img loading=\"lazy\" decoding=\"async\" class=\"alignnone wp-image-167 size-full\" src=\"https:\/\/www.fatra-regranulace.cz\/wp-content\/uploads\/sites\/6\/2022\/06\/Laborator-vahy.jpg\" alt=\"\" width=\"800\" height=\"533\" \/><\/div>\n","protected":false},"featured_media":1847,"parent":0,"menu_order":3,"template":"","product_color":[],"product_use":[],"class_list":["post-1993","product","type-product","status-publish","has-post-thumbnail","hentry"],"_links":{"self":[{"href":"https:\/\/www.fatra-regranulace.cz\/de\/wp-json\/wp\/v2\/product\/1993","targetHints":{"allow":["GET"]}}],"collection":[{"href":"https:\/\/www.fatra-regranulace.cz\/de\/wp-json\/wp\/v2\/product"}],"about":[{"href":"https:\/\/www.fatra-regranulace.cz\/de\/wp-json\/wp\/v2\/types\/product"}],"version-history":[{"count":0,"href":"https:\/\/www.fatra-regranulace.cz\/de\/wp-json\/wp\/v2\/product\/1993\/revisions"}],"wp:featuredmedia":[{"embeddable":true,"href":"https:\/\/www.fatra-regranulace.cz\/de\/wp-json\/wp\/v2\/media\/1847"}],"wp:attachment":[{"href":"https:\/\/www.fatra-regranulace.cz\/de\/wp-json\/wp\/v2\/media?parent=1993"}],"wp:term":[{"taxonomy":"product_color","embeddable":true,"href":"https:\/\/www.fatra-regranulace.cz\/de\/wp-json\/wp\/v2\/product_color?post=1993"},{"taxonomy":"product_use","embeddable":true,"href":"https:\/\/www.fatra-regranulace.cz\/de\/wp-json\/wp\/v2\/product_use?post=1993"}],"curies":[{"name":"wp","href":"https:\/\/api.w.org\/{rel}","templated":true}]}}