{"id":437,"date":"2018-04-13T15:38:38","date_gmt":"2018-04-13T13:38:38","guid":{"rendered":"https:\/\/www.fatra-regranulace.cz\/ke-stazeni\/"},"modified":"2025-10-20T09:38:53","modified_gmt":"2025-10-20T07:38:53","slug":"ke-stazeni","status":"publish","type":"page","link":"https:\/\/www.fatra-regranulace.cz\/de\/ke-stazeni\/","title":{"rendered":"Herunterladen"},"content":{"rendered":"<div class=\"row contentrow\">\n<div class=\"four columns\">\n<h2>KATALOGE<\/h2>\n<ul>\n<li><a href=\"https:\/\/www.fatra-regranulace.cz\/wp-content\/uploads\/sites\/6\/2025\/10\/2025-Prospekt-Regranulierung-2025.pdf\">Prospekt Fatra Regranulierung<\/a><\/li>\n<\/ul>\n<\/div>\n<div class=\"four columns\" style=\"width: 30.66%;height: 1055px\">\n<h2 class=\"titles firsts\">ZERTIFIKATE<\/h2>\n<ul>\n<li><a href=\"https:\/\/www.fatra-regranulace.cz\/wp-content\/uploads\/sites\/6\/2024\/06\/CSN-EN-ISO-9001_de.pdf\">\u010cSN EN ISO 9001<\/a><\/li>\n<li><a href=\"https:\/\/www.fatra-regranulace.cz\/wp-content\/uploads\/sites\/6\/2024\/06\/CSN-EN-ISO-14001_de.pdf\">\u010cSN EN ISO 14001<\/a><\/li>\n<li><a href=\"https:\/\/www.fatra-regranulace.cz\/wp-content\/uploads\/sites\/6\/2024\/06\/Responsible-Care-2023-EN.pdf\">Responsible Care<\/a><\/li>\n<\/ul>\n<\/div>\n<div class=\"three columns sidebox\">\n<h2>FIRMENPROFILE<\/h2>\n<p><a href=\"https:\/\/www.fatra-regranulace.cz\/wp-content\/uploads\/sites\/6\/2025\/05\/Fatra-Company-profile-2025.pdf\"><img loading=\"lazy\" decoding=\"async\" class=\"alignnone wp-image-22589 size-medium\" src=\"https:\/\/www.fatra-regranulace.cz\/wp-content\/uploads\/sites\/6\/2025\/05\/profile-foto.jpg\" alt=\"\" width=\"208\" height=\"300\" \/><\/a><\/p>\n<p><a class=\"button button-primary\" style=\"width: 210px\" href=\"https:\/\/www.fatra-regranulace.cz\/wp-content\/uploads\/sites\/6\/2025\/08\/Fatra-Company-profile-2025-8.pdf\" target=\"_blank\" rel=\"noopener noreferrer\">Herunterladen<\/a><\/p>\n<hr \/>\n<h2>GESCH\u00c4FTSBEDINGUNGEN<\/h2>\n<p><img loading=\"lazy\" decoding=\"async\" class=\"alignnone wp-image-12260 size-full\" src=\"http:\/\/www.fatra.cz\/wp-content\/uploads\/2016\/01\/fatra-obchodn\u00ed-podm\u00ednky-3.jpg\" alt=\"fatra-obchodn\u00ed-podm\u00ednky rok 2016\" width=\"210\" height=\"297\" \/><\/p>\n<p><a class=\"button button-primary\" style=\"width: 210px\" href=\"https:\/\/www.fatra-regranulace.cz\/wp-content\/uploads\/sites\/6\/2024\/03\/2024_03_01-General-Terms-and-Conditions-Fatra.pdf\" target=\"_blank\" rel=\"noopener noreferrer\">Herunterladen<\/a><\/p>\n<\/div>\n<\/div>\n","protected":false},"excerpt":{"rendered":"<p>KATALOGE Prospekt Fatra Regranulierung ZERTIFIKATE \u010cSN EN ISO 9001 \u010cSN EN ISO 14001 Responsible Care FIRMENPROFILE Herunterladen GESCH\u00c4FTSBEDINGUNGEN Herunterladen<\/p>\n","protected":false},"author":2,"featured_media":438,"parent":0,"menu_order":0,"comment_status":"closed","ping_status":"closed","template":"","meta":{"footnotes":""},"class_list":["post-437","page","type-page","status-publish","has-post-thumbnail","hentry"],"_links":{"self":[{"href":"https:\/\/www.fatra-regranulace.cz\/de\/wp-json\/wp\/v2\/pages\/437","targetHints":{"allow":["GET"]}}],"collection":[{"href":"https:\/\/www.fatra-regranulace.cz\/de\/wp-json\/wp\/v2\/pages"}],"about":[{"href":"https:\/\/www.fatra-regranulace.cz\/de\/wp-json\/wp\/v2\/types\/page"}],"author":[{"embeddable":true,"href":"https:\/\/www.fatra-regranulace.cz\/de\/wp-json\/wp\/v2\/users\/2"}],"replies":[{"embeddable":true,"href":"https:\/\/www.fatra-regranulace.cz\/de\/wp-json\/wp\/v2\/comments?post=437"}],"version-history":[{"count":0,"href":"https:\/\/www.fatra-regranulace.cz\/de\/wp-json\/wp\/v2\/pages\/437\/revisions"}],"wp:featuredmedia":[{"embeddable":true,"href":"https:\/\/www.fatra-regranulace.cz\/de\/wp-json\/wp\/v2\/media\/438"}],"wp:attachment":[{"href":"https:\/\/www.fatra-regranulace.cz\/de\/wp-json\/wp\/v2\/media?parent=437"}],"curies":[{"name":"wp","href":"https:\/\/api.w.org\/{rel}","templated":true}]}}