{"id":2058,"date":"2022-06-29T16:50:48","date_gmt":"2022-06-29T14:50:48","guid":{"rendered":"https:\/\/www.fatra-regranulace.cz\/vyfukovani\/"},"modified":"2024-10-07T09:27:24","modified_gmt":"2024-10-07T07:27:24","slug":"extrusionblasformen","status":"publish","type":"page","link":"https:\/\/www.fatra-regranulace.cz\/de\/extrusionblasformen\/","title":{"rendered":"EXTRUSIONSBLASFORMEN"},"content":{"rendered":"\n<h4 class=\"wp-block-cgb-block-ftr-product-heading product-block-title\">BESCHREIBUNG DER TECHNOLOGIE<\/h4>\n\n\n\n<p>Die Technologie des Folienblasens basiert darauf, dass ein Rohr mit einer Wandst\u00e4rke von 0,5 bis 2 mm im noch plastischen Zustand mit Druckluft aufgeblasen (2- bis 5-fache Vergr\u00f6\u00dferung) und gleichzeitig von einem Ausziehmechanismus gestreckt wird (bis zu 5-fache L\u00e4ngendehnung). Die geblasene Folie, mit einer Wandst\u00e4rke von \u00fcblicherweise 0,015 bis 0,3 mm, wird abgek\u00fchlt und aufgewickelt. <\/p>\n\n\n\n<p>Durch Folienblasen werden Folien aus LDPE, HDPE und PP, PVC, PA und PET hergestellt. Durch Folienblasen werden auch mehrschichtige Folien mit unterschiedlicher Materialzusammensetzung hergestellt. Heutzutage werden bis zu siebenschichtige Folien hergestellt. Konstruktiv sind die Extrusionsk\u00f6pfe f\u00fcr mehrschichtige Folien sehr kompliziert und auch das Einhalten der technischen Parameter bei der Folienherstellung mit ihnen ist sehr anspruchsvoll<\/p>\n\n\n\n<h4 class=\"wp-block-cgb-block-ftr-product-heading product-block-title\">BEISPIELE VON Aufblasprodukten AUS recycelten Materialien<\/h4>\n\n\n\n<figure class=\"wp-block-gallery has-nested-images columns-default is-cropped wp-block-gallery-2 is-layout-flex wp-block-gallery-is-layout-flex\">\n<figure class=\"wp-block-image size-large\"><img loading=\"lazy\" decoding=\"async\" width=\"800\" height=\"600\" data-id=\"1884\" src=\"https:\/\/www.fatra-regranulace.cz\/wp-content\/uploads\/sites\/6\/2022\/06\/odpadkove-pytle.jpeg\" alt=\"\" class=\"wp-image-1884\" srcset=\"https:\/\/www.fatra-regranulace.cz\/wp-content\/uploads\/sites\/6\/2022\/06\/odpadkove-pytle.jpeg 800w, https:\/\/www.fatra-regranulace.cz\/wp-content\/uploads\/sites\/6\/2022\/06\/odpadkove-pytle-300x225.jpeg 300w, https:\/\/www.fatra-regranulace.cz\/wp-content\/uploads\/sites\/6\/2022\/06\/odpadkove-pytle-768x576.jpeg 768w, https:\/\/www.fatra-regranulace.cz\/wp-content\/uploads\/sites\/6\/2022\/06\/odpadkove-pytle-733x550.jpeg 733w, https:\/\/www.fatra-regranulace.cz\/wp-content\/uploads\/sites\/6\/2022\/06\/odpadkove-pytle-400x300.jpeg 400w\" sizes=\"auto, (max-width: 800px) 100vw, 800px\" \/><\/figure>\n\n\n\n<figure class=\"wp-block-image size-large\"><img loading=\"lazy\" decoding=\"async\" width=\"800\" height=\"600\" data-id=\"1957\" src=\"https:\/\/www.fatra-regranulace.cz\/wp-content\/uploads\/sites\/6\/2022\/06\/PYTLE.jpeg\" alt=\"\" class=\"wp-image-1957\" srcset=\"https:\/\/www.fatra-regranulace.cz\/wp-content\/uploads\/sites\/6\/2022\/06\/PYTLE.jpeg 800w, https:\/\/www.fatra-regranulace.cz\/wp-content\/uploads\/sites\/6\/2022\/06\/PYTLE-300x225.jpeg 300w, https:\/\/www.fatra-regranulace.cz\/wp-content\/uploads\/sites\/6\/2022\/06\/PYTLE-768x576.jpeg 768w, https:\/\/www.fatra-regranulace.cz\/wp-content\/uploads\/sites\/6\/2022\/06\/PYTLE-733x550.jpeg 733w, https:\/\/www.fatra-regranulace.cz\/wp-content\/uploads\/sites\/6\/2022\/06\/PYTLE-400x300.jpeg 400w\" sizes=\"auto, (max-width: 800px) 100vw, 800px\" \/><\/figure>\n\n\n\n<figure class=\"wp-block-image size-large\"><img loading=\"lazy\" decoding=\"async\" width=\"800\" height=\"600\" data-id=\"1960\" src=\"https:\/\/www.fatra-regranulace.cz\/wp-content\/uploads\/sites\/6\/2022\/06\/pytle2.jpeg\" alt=\"\" class=\"wp-image-1960\" srcset=\"https:\/\/www.fatra-regranulace.cz\/wp-content\/uploads\/sites\/6\/2022\/06\/pytle2.jpeg 800w, https:\/\/www.fatra-regranulace.cz\/wp-content\/uploads\/sites\/6\/2022\/06\/pytle2-300x225.jpeg 300w, https:\/\/www.fatra-regranulace.cz\/wp-content\/uploads\/sites\/6\/2022\/06\/pytle2-768x576.jpeg 768w, https:\/\/www.fatra-regranulace.cz\/wp-content\/uploads\/sites\/6\/2022\/06\/pytle2-733x550.jpeg 733w, https:\/\/www.fatra-regranulace.cz\/wp-content\/uploads\/sites\/6\/2022\/06\/pytle2-400x300.jpeg 400w\" sizes=\"auto, (max-width: 800px) 100vw, 800px\" \/><\/figure>\n<\/figure>\n","protected":false},"excerpt":{"rendered":"<p>Die Technologie des Folienblasens basiert darauf, dass ein Rohr mit einer Wandst\u00e4rke von 0,5 bis 2 mm im noch plastischen Zustand mit Druckluft aufgeblasen (2- bis 5-fache Vergr\u00f6\u00dferung) und gleichzeitig von einem Ausziehmechanismus gestreckt wird (bis zu 5-fache L\u00e4ngendehnung). Die geblasene Folie, mit einer Wandst\u00e4rke von \u00fcblicherweise 0,015 bis 0,3 mm, wird abgek\u00fchlt und aufgewickelt. [&hellip;]<\/p>\n","protected":false},"author":2,"featured_media":1965,"parent":0,"menu_order":0,"comment_status":"closed","ping_status":"closed","template":"","meta":{"footnotes":""},"class_list":["post-2058","page","type-page","status-publish","has-post-thumbnail","hentry"],"_links":{"self":[{"href":"https:\/\/www.fatra-regranulace.cz\/de\/wp-json\/wp\/v2\/pages\/2058","targetHints":{"allow":["GET"]}}],"collection":[{"href":"https:\/\/www.fatra-regranulace.cz\/de\/wp-json\/wp\/v2\/pages"}],"about":[{"href":"https:\/\/www.fatra-regranulace.cz\/de\/wp-json\/wp\/v2\/types\/page"}],"author":[{"embeddable":true,"href":"https:\/\/www.fatra-regranulace.cz\/de\/wp-json\/wp\/v2\/users\/2"}],"replies":[{"embeddable":true,"href":"https:\/\/www.fatra-regranulace.cz\/de\/wp-json\/wp\/v2\/comments?post=2058"}],"version-history":[{"count":0,"href":"https:\/\/www.fatra-regranulace.cz\/de\/wp-json\/wp\/v2\/pages\/2058\/revisions"}],"wp:featuredmedia":[{"embeddable":true,"href":"https:\/\/www.fatra-regranulace.cz\/de\/wp-json\/wp\/v2\/media\/1965"}],"wp:attachment":[{"href":"https:\/\/www.fatra-regranulace.cz\/de\/wp-json\/wp\/v2\/media?parent=2058"}],"curies":[{"name":"wp","href":"https:\/\/api.w.org\/{rel}","templated":true}]}}